{"id":1655,"date":"2024-03-06T14:56:58","date_gmt":"2024-03-06T13:56:58","guid":{"rendered":"https:\/\/owlviz.co\/?page_id=1655"},"modified":"2025-02-03T09:06:42","modified_gmt":"2025-02-03T08:06:42","slug":"nos-solutions","status":"publish","type":"page","link":"https:\/\/avdata.fr\/index.php\/nos-solutions\/","title":{"rendered":"Nos solutions"},"content":{"rendered":"\n<div class=\"wp-block-cover alignfull is-light has-neve-link-hover-color-color has-text-color has-link-color wp-elements-a0d9039552dd0d8b409515785f855c92 wp-duotone-unset-1\" style=\"min-height:519px;aspect-ratio:unset;\"><span aria-hidden=\"true\" class=\"wp-block-cover__background has-neve-link-color-background-color has-background-dim-10 has-background-dim\"><\/span><div class=\"wp-block-cover__inner-container is-layout-flow wp-block-cover-is-layout-flow\">\n<h2 class=\"wp-block-heading\"><\/h2>\n\n\n\n<div class=\"wp-block-columns is-layout-flex wp-container-core-columns-is-layout-9d6595d7 wp-block-columns-is-layout-flex\">\n<div class=\"wp-block-column is-vertically-aligned-top is-layout-flow wp-block-column-is-layout-flow\">\n<div class=\"wp-block-group is-vertical is-layout-flex wp-container-core-group-is-layout-8cf370e7 wp-block-group-is-layout-flex\">\n<h2 class=\"wp-block-heading wp-container-content-d50df0bc\"><\/h2>\n<\/div>\n\n\n\n<h2 class=\"wp-block-heading has-text-color has-link-color has-x-large-font-size wp-elements-87dc80e5fe31196a33f1fbfebe164274\" style=\"color:#2940d3\">Nos solutions<\/h2>\n\n\n\n<p class=\"has-medium-font-size\">Lib\u00e9rez le <strong>potentiel<\/strong> de vos <strong>reportings<\/strong> gr\u00e2ce \u00e0 l&rsquo;analyse de donn\u00e9es<\/p>\n\n\n\n<div class=\"wp-block-buttons is-vertical is-content-justification-left is-layout-flex wp-container-core-buttons-is-layout-070379f0 wp-block-buttons-is-layout-flex\">\n<div class=\"wp-block-button is-style-default\"><a class=\"wp-block-button__link has-nv-site-bg-color has-text-color has-background has-link-color wp-element-button\" href=\"https:\/\/calendly.com\/guillaume-avdata\/30min\" style=\"border-radius:30px;background-color:#2940d3\" target=\"_blank\" rel=\"noreferrer noopener\">R\u00e9servez un audit gratuit<\/a><\/div>\n<\/div>\n<\/div>\n\n\n\n<div class=\"wp-block-column is-vertically-aligned-top is-layout-flow wp-block-column-is-layout-flow\">\n<h2 class=\"wp-block-heading has-text-color has-link-color wp-elements-da7e8975dc94de9e313f3cd031b2cf41\" style=\"color:#ffffff00\"><\/h2>\n\n\n\n<figure class=\"wp-block-image size-large is-resized\"><img loading=\"lazy\" decoding=\"async\" width=\"1024\" height=\"989\" src=\"https:\/\/owlviz.co\/wp-content\/uploads\/2024\/04\/AVData-analyse-1024x989.png\" alt=\"\" class=\"wp-image-1832\" style=\"width:676px;height:auto\" srcset=\"https:\/\/avdata.fr\/wp-content\/uploads\/2024\/04\/AVData-analyse-1024x989.png 1024w, https:\/\/avdata.fr\/wp-content\/uploads\/2024\/04\/AVData-analyse-300x290.png 300w, https:\/\/avdata.fr\/wp-content\/uploads\/2024\/04\/AVData-analyse-768x742.png 768w, https:\/\/avdata.fr\/wp-content\/uploads\/2024\/04\/AVData-analyse.png 1395w\" sizes=\"auto, (max-width: 1024px) 100vw, 1024px\" \/><\/figure>\n<\/div>\n<\/div>\n\n\n\n<div class=\"wp-block-group is-vertical is-layout-flex wp-container-core-group-is-layout-8cf370e7 wp-block-group-is-layout-flex\">\n<h2 class=\"wp-block-heading wp-container-content-c0740251\"><\/h2>\n<\/div>\n<\/div><\/div>\n\n\n\n<div class=\"wp-block-cover alignfull is-light\" style=\"min-height:395px;aspect-ratio:unset;\"><span aria-hidden=\"true\" class=\"wp-block-cover__background has-background-dim-100 has-background-dim\" style=\"background-color:#0b2447\"><\/span><div class=\"wp-block-cover__inner-container is-layout-flow wp-block-cover-is-layout-flow\">\n<h2 class=\"wp-block-heading has-text-color has-link-color has-medium-font-size wp-elements-59957aab99f2a348921e363242c424d6\" style=\"color:#0b2447\">D<\/h2>\n\n\n\n<div class=\"wp-block-columns is-layout-flex wp-container-core-columns-is-layout-9d6595d7 wp-block-columns-is-layout-flex\">\n<div class=\"wp-block-column is-vertically-aligned-center is-layout-flow wp-block-column-is-layout-flow\" style=\"flex-basis:33.33%\">\n<figure class=\"wp-block-image size-full is-resized is-style-default\"><img loading=\"lazy\" decoding=\"async\" width=\"612\" height=\"408\" src=\"https:\/\/owlviz.co\/wp-content\/uploads\/2024\/02\/Cyber-removebg-preview.png\" alt=\"\" class=\"wp-image-536\" style=\"width:300px\" srcset=\"https:\/\/avdata.fr\/wp-content\/uploads\/2024\/02\/Cyber-removebg-preview.png 612w, https:\/\/avdata.fr\/wp-content\/uploads\/2024\/02\/Cyber-removebg-preview-300x200.png 300w\" sizes=\"auto, (max-width: 612px) 100vw, 612px\" \/><\/figure>\n<\/div>\n\n\n\n<div class=\"wp-block-column is-vertically-aligned-center has-nv-site-bg-color has-text-color has-link-color wp-elements-4de8c111ef1867f6a745e0a01caff1be is-layout-flow wp-block-column-is-layout-flow\" style=\"flex-basis:66.66%\">\n<h2 class=\"wp-block-heading has-nv-site-bg-color has-text-color has-link-color has-x-large-font-size wp-elements-6619f4f795b4f1a130f310866e3c4f69\" id=\"analyse-de-donn\u00e9es-et-visualisation\">Data &amp; Business Analyse,<br>Data Visualisation<\/h2>\n\n\n\n<p class=\"has-nv-site-bg-color has-text-color has-link-color has-medium-font-size wp-elements-bbc9c6c9086aec10238a0d0d4949bb72\">Nous mettons \u00e0 votre disposition les moyens de&nbsp;<strong>piloter&nbsp;<\/strong>votre<strong>&nbsp;activit\u00e9<\/strong>,<br>de&nbsp;<strong>mesurer<\/strong>&nbsp;votre&nbsp;<strong>performance<\/strong>&nbsp;et d\u2019identifier vos&nbsp;<strong>leviers<\/strong>&nbsp;de&nbsp;<strong>croissance<\/strong><br>\u00e0 chaque \u00e9tape de vos projets data.<\/p>\n\n\n\n<ul class=\"wp-block-list\">\n<li class=\"has-medium-font-size\"><strong>Etude&nbsp;<\/strong>de la<strong>&nbsp;faisabilit\u00e9<\/strong>&nbsp;du projet et&nbsp;<strong>audit<\/strong>&nbsp;de l\u2019<strong>existant<\/strong><\/li>\n\n\n\n<li class=\"has-medium-font-size\"><strong>Co-construction&nbsp;<\/strong>des Indicateurs de Pilotage de Performance (Business-Centric)<\/li>\n\n\n\n<li class=\"has-medium-font-size\"><strong>Pr\u00e9paration<\/strong>&nbsp;et&nbsp;<strong>Valorisation<\/strong>&nbsp;des Donn\u00e9es (Collecte, Nettoyage, Enrichissement)<\/li>\n\n\n\n<li class=\"has-medium-font-size\"><strong>Cr\u00e9ation<\/strong>&nbsp;des&nbsp;<strong>Outils d\u2019Analyse<\/strong>&nbsp;et de&nbsp;<strong>Visualisation<\/strong>&nbsp;(Power BI, Google Looker Studio)<\/li>\n<\/ul>\n\n\n\n<div class=\"wp-block-buttons is-layout-flex wp-block-buttons-is-layout-flex\">\n<div class=\"wp-block-button is-style-default\"><a class=\"wp-block-button__link has-nv-site-bg-color has-text-color has-background has-link-color wp-element-button\" href=\"https:\/\/calendly.com\/guillaume-avdata\/30min\" style=\"border-radius:30px;background-color:#2940d3\" target=\"_blank\" rel=\"noreferrer noopener\">Je prends RDV<\/a><\/div>\n<\/div>\n<\/div>\n<\/div>\n<\/div><\/div>\n\n\n\n<div class=\"wp-block-cover alignfull is-light has-text-color has-link-color wp-elements-6575c4dd505d086d69106a65b7799be2\" style=\"color:#000000;min-height:395px;aspect-ratio:unset;\"><span aria-hidden=\"true\" class=\"wp-block-cover__background has-nv-site-bg-background-color has-background-dim-100 has-background-dim\"><\/span><div class=\"wp-block-cover__inner-container is-layout-flow wp-block-cover-is-layout-flow\">\n<h2 class=\"wp-block-heading has-text-color has-link-color has-medium-font-size wp-elements-31088eeb276879e3a2fbc636610f4a76\" style=\"color:#0b2447\"><\/h2>\n\n\n\n<div class=\"wp-block-columns is-layout-flex wp-container-core-columns-is-layout-9d6595d7 wp-block-columns-is-layout-flex\">\n<div class=\"wp-block-column is-vertically-aligned-center is-layout-flow wp-block-column-is-layout-flow\" style=\"flex-basis:33.33%\">\n<figure class=\"wp-block-image size-full is-resized\"><img loading=\"lazy\" decoding=\"async\" width=\"612\" height=\"408\" src=\"https:\/\/owlviz.co\/wp-content\/uploads\/2024\/02\/Removebg-Preview-2.png\" alt=\"\" class=\"wp-image-488\" style=\"width:300px;height:auto\" srcset=\"https:\/\/avdata.fr\/wp-content\/uploads\/2024\/02\/Removebg-Preview-2.png 612w, https:\/\/avdata.fr\/wp-content\/uploads\/2024\/02\/Removebg-Preview-2-300x200.png 300w\" sizes=\"auto, (max-width: 612px) 100vw, 612px\" \/><\/figure>\n<\/div>\n\n\n\n<div class=\"wp-block-column is-vertically-aligned-center has-text-color has-link-color wp-elements-0be9f158555dc77acf32f053c7f4265d is-layout-flow wp-block-column-is-layout-flow\" style=\"color:#000000;flex-basis:66.66%\">\n<h2 class=\"wp-block-heading has-text-color has-link-color has-x-large-font-size wp-elements-6d8298ad4dc485468daaec85790b500c\" style=\"color:#000000\">Automatisation des Processus<\/h2>\n\n\n\n<p class=\"has-text-color has-link-color has-medium-font-size wp-elements-1052ce339649be74660766616ae27d77\" style=\"color:#000000\">L\u2019int\u00e9gration de l\u2019<strong>automatisation<\/strong>&nbsp;dans vos&nbsp;<strong>processus<\/strong>&nbsp;m\u00e9tiers est abord\u00e9e avec pr\u00e9cision. Nous&nbsp;<strong>identifions<\/strong>&nbsp;les&nbsp;<strong>t\u00e2ches r\u00e9p\u00e9titives<\/strong>&nbsp;\u00e0 faible valeur ajout\u00e9e,&nbsp;<strong>d\u00e9ployons<\/strong>&nbsp;des&nbsp;<strong>outils<\/strong>&nbsp;d\u2019automatisation pour accro\u00eetre l\u2019<strong>efficacit\u00e9 op\u00e9rationnelle<\/strong>&nbsp;afin de&nbsp;<strong>lib\u00e9rer<\/strong>&nbsp;des&nbsp;<strong>ressources<\/strong>&nbsp;pr\u00e9cieuses.<\/p>\n\n\n\n<ul class=\"wp-block-list\">\n<li class=\"has-medium-font-size\"><strong>Diagnostique<\/strong>&nbsp;de vos processus et outils<\/li>\n\n\n\n<li class=\"has-medium-font-size\"><strong>Design<\/strong>&nbsp;du workflow d\u2019automatisation<\/li>\n\n\n\n<li class=\"has-medium-font-size\"><strong>D\u00e9ploiement<\/strong>&nbsp;de solutions low-codes \/ no-code<\/li>\n<\/ul>\n\n\n\n<div class=\"wp-block-buttons is-layout-flex wp-block-buttons-is-layout-flex\">\n<div class=\"wp-block-button is-style-default\"><a class=\"wp-block-button__link has-nv-site-bg-color has-text-color has-background has-link-color wp-element-button\" href=\"https:\/\/calendly.com\/guillaume-avdata\/30min\" style=\"border-radius:30px;background-color:#2940d3\" target=\"_blank\" rel=\"noreferrer noopener\">\u00c7a m&rsquo;int\u00e9resse !<\/a><\/div>\n<\/div>\n<\/div>\n<\/div>\n<\/div><\/div>\n\n\n\n<div class=\"wp-block-columns is-layout-flex wp-container-core-columns-is-layout-9d6595d7 wp-block-columns-is-layout-flex\">\n<div class=\"wp-block-column is-layout-flow wp-block-column-is-layout-flow\" style=\"flex-basis:100%\">\n<div class=\"wp-block-cover alignfull is-light\" style=\"min-height:599px;aspect-ratio:unset;\"><span aria-hidden=\"true\" class=\"wp-block-cover__background has-neve-link-hover-color-background-color has-background-dim-100 has-background-dim\"><\/span><div class=\"wp-block-cover__inner-container is-layout-flow wp-block-cover-is-layout-flow\">\n<div class=\"wp-block-columns is-layout-flex wp-container-core-columns-is-layout-9d6595d7 wp-block-columns-is-layout-flex\">\n<div class=\"wp-block-column is-vertically-aligned-center is-layout-flow wp-block-column-is-layout-flow\" style=\"flex-basis:33.33%\">\n<figure class=\"wp-block-image size-full is-resized\"><img loading=\"lazy\" decoding=\"async\" width=\"612\" height=\"408\" src=\"https:\/\/owlviz.co\/wp-content\/uploads\/2024\/02\/Removebg-Preview-2-1.png\" alt=\"\" class=\"wp-image-538\" style=\"width:300px\" srcset=\"https:\/\/avdata.fr\/wp-content\/uploads\/2024\/02\/Removebg-Preview-2-1.png 612w, https:\/\/avdata.fr\/wp-content\/uploads\/2024\/02\/Removebg-Preview-2-1-300x200.png 300w\" sizes=\"auto, (max-width: 612px) 100vw, 612px\" \/><\/figure>\n<\/div>\n\n\n\n<div class=\"wp-block-column is-vertically-aligned-center has-nv-site-bg-color has-text-color has-link-color wp-elements-e07f13e4f39c713fe8b244a8bdfc10ac is-layout-flow wp-block-column-is-layout-flow\" style=\"flex-basis:66.66%\">\n<h2 class=\"wp-block-heading has-x-large-font-size\">FEC Intelligence<\/h2>\n\n\n\n<p class=\"has-medium-font-size\">Une&nbsp;<strong>solution SaaS<\/strong>&nbsp;connect\u00e9e \u00e0 votre&nbsp;<strong>outil comptable<\/strong>&nbsp;permettant l\u2019<strong>analyse<\/strong>&nbsp;et la&nbsp;<strong>conformit\u00e9&nbsp;<\/strong>de vos donn\u00e9es financi\u00e8res.<\/p>\n\n\n\n<ul class=\"wp-block-list\">\n<li class=\"has-medium-font-size\">La&nbsp;<strong>construction simplifi\u00e9e<\/strong>&nbsp;et&nbsp;<strong>automatis\u00e9e<\/strong>&nbsp;des diff\u00e9rents&nbsp;<strong>\u00e9tats comptables<\/strong>&nbsp;\u2013 bilan, compte de r\u00e9sultat, TFT, SIG \u2013 mais aussi des&nbsp;<strong>indicateurs<\/strong>&nbsp;<strong>cl\u00e9s<\/strong>&nbsp;de performance<\/li>\n\n\n\n<li class=\"has-medium-font-size\">Une&nbsp;<strong>visualisation<\/strong>&nbsp;et une lecture&nbsp;<strong>optimis\u00e9e<\/strong>&nbsp;de vos&nbsp;<strong>donn\u00e9es financi\u00e8res<\/strong><\/li>\n\n\n\n<li class=\"has-medium-font-size\">Une&nbsp;<strong>communication interne<\/strong>&nbsp;facilit\u00e9e et une&nbsp;<strong>restitution clients<\/strong>&nbsp;simple et efficace pour les&nbsp;<strong>experts-comptables<\/strong>&nbsp;et les&nbsp;<strong>commissaires aux comptes<\/strong><\/li>\n\n\n\n<li class=\"has-medium-font-size\">Une&nbsp;<strong>visualisation<\/strong>&nbsp;et une lecture&nbsp;<strong>optimis\u00e9e<\/strong>&nbsp;de vos&nbsp;<strong>donn\u00e9es financi\u00e8res<\/strong><\/li>\n<\/ul>\n\n\n\n<p class=\"has-medium-font-size\"><strong>Contactez nous<\/strong>&nbsp;et d\u00e9couvrez&nbsp;<strong>notre plateforme s\u00e9curis\u00e9e<\/strong><\/p>\n\n\n\n<div class=\"wp-block-buttons is-layout-flex wp-block-buttons-is-layout-flex\">\n<div class=\"wp-block-button is-style-default\"><a class=\"wp-block-button__link has-nv-site-bg-color has-text-color has-background has-link-color wp-element-button\" href=\"https:\/\/calendly.com\/guillaume-avdata\/30min\" style=\"border-radius:30px;background-color:#2940d3\" target=\"_blank\" rel=\"noreferrer noopener\">En savoir plus<\/a><\/div>\n<\/div>\n<\/div>\n<\/div>\n<\/div><\/div>\n\n\n\n<div class=\"wp-block-cover alignfull is-light\" style=\"min-height:514px;aspect-ratio:unset;\"><span aria-hidden=\"true\" class=\"wp-block-cover__background has-nv-site-bg-background-color has-background-dim-100 has-background-dim\"><\/span><div class=\"wp-block-cover__inner-container is-layout-flow wp-block-cover-is-layout-flow\">\n<div class=\"wp-block-columns is-layout-flex wp-container-core-columns-is-layout-9d6595d7 wp-block-columns-is-layout-flex\">\n<div class=\"wp-block-column is-vertically-aligned-center is-layout-flow wp-block-column-is-layout-flow\" style=\"flex-basis:33.33%\">\n<figure class=\"wp-block-image size-full is-resized\"><img loading=\"lazy\" decoding=\"async\" width=\"2560\" height=\"1707\" src=\"https:\/\/owlviz.co\/wp-content\/uploads\/2024\/02\/20944284-scaled.jpg\" alt=\"\" class=\"wp-image-377\" style=\"width:300px\" srcset=\"https:\/\/avdata.fr\/wp-content\/uploads\/2024\/02\/20944284-scaled.jpg 2560w, https:\/\/avdata.fr\/wp-content\/uploads\/2024\/02\/20944284-300x200.jpg 300w, https:\/\/avdata.fr\/wp-content\/uploads\/2024\/02\/20944284-1024x683.jpg 1024w, https:\/\/avdata.fr\/wp-content\/uploads\/2024\/02\/20944284-768x512.jpg 768w, https:\/\/avdata.fr\/wp-content\/uploads\/2024\/02\/20944284-1536x1024.jpg 1536w, https:\/\/avdata.fr\/wp-content\/uploads\/2024\/02\/20944284-2048x1365.jpg 2048w, https:\/\/avdata.fr\/wp-content\/uploads\/2024\/02\/20944284-930x620.jpg 930w\" sizes=\"auto, (max-width: 2560px) 100vw, 2560px\" \/><\/figure>\n<\/div>\n\n\n\n<div class=\"wp-block-column is-vertically-aligned-center is-layout-flow wp-block-column-is-layout-flow\" style=\"flex-basis:66.66%\">\n<h2 class=\"wp-block-heading has-x-large-font-size\">Formation et Assistance dans l&rsquo;Utilisation des Outils<\/h2>\n\n\n\n<ul class=\"wp-block-list\">\n<li class=\"has-medium-font-size\"><strong>D\u00e9couvrez&nbsp;<\/strong>toutes les fonctionnalit\u00e9s des outils&nbsp;<strong>BI&nbsp;<\/strong>(Microsoft Power BI \/ Google Looker Studio) et apprenez \u00e0 cr\u00e9er des tableaux de bord, riches et interactifs.<\/li>\n\n\n\n<li class=\"has-medium-font-size\"><strong>Ma\u00eetrisez<\/strong>&nbsp;les principes cl\u00e9s&nbsp;<strong>data visualisation<\/strong>&nbsp;afin de faciliter les prises de d\u00e9cisions business et strat\u00e9giques.<\/li>\n\n\n\n<li class=\"has-medium-font-size\"><strong>Formation personnalis\u00e9e<\/strong>&nbsp;assurant une appropriation fluide des outils et des tableaux de bord, avec un&nbsp;<strong>accompagnement pratique<\/strong>&nbsp;visant \u00e0&nbsp;<strong>autonomiser<\/strong>&nbsp;les responsables des donn\u00e9es et les utilisateurs finaux.<\/li>\n<\/ul>\n\n\n\n<div class=\"wp-block-buttons is-layout-flex wp-block-buttons-is-layout-flex\">\n<div class=\"wp-block-button is-style-default\"><a class=\"wp-block-button__link has-nv-site-bg-color has-text-color has-background has-link-color wp-element-button\" href=\"https:\/\/calendly.com\/guillaume-avdata\/30min\" style=\"border-radius:30px;background-color:#2940d3\" target=\"_blank\" rel=\"noreferrer noopener\">Je veux me former<\/a><\/div>\n<\/div>\n<\/div>\n<\/div>\n<\/div><\/div>\n<\/div>\n<\/div>\n","protected":false},"excerpt":{"rendered":"","protected":false},"author":2,"featured_media":0,"parent":0,"menu_order":0,"comment_status":"closed","ping_status":"closed","template":"","meta":{"neve_meta_sidebar":"full-width","neve_meta_container":"contained","neve_meta_enable_content_width":"on","neve_meta_content_width":100,"neve_meta_title_alignment":"left","neve_meta_author_avatar":"","neve_post_elements_order":"","neve_meta_disable_header":"","neve_meta_disable_footer":"","neve_meta_disable_title":"on","footnotes":""},"class_list":["post-1655","page","type-page","status-publish","hentry"],"_links":{"self":[{"href":"https:\/\/avdata.fr\/index.php\/wp-json\/wp\/v2\/pages\/1655","targetHints":{"allow":["GET"]}}],"collection":[{"href":"https:\/\/avdata.fr\/index.php\/wp-json\/wp\/v2\/pages"}],"about":[{"href":"https:\/\/avdata.fr\/index.php\/wp-json\/wp\/v2\/types\/page"}],"author":[{"embeddable":true,"href":"https:\/\/avdata.fr\/index.php\/wp-json\/wp\/v2\/users\/2"}],"replies":[{"embeddable":true,"href":"https:\/\/avdata.fr\/index.php\/wp-json\/wp\/v2\/comments?post=1655"}],"version-history":[{"count":47,"href":"https:\/\/avdata.fr\/index.php\/wp-json\/wp\/v2\/pages\/1655\/revisions"}],"predecessor-version":[{"id":1859,"href":"https:\/\/avdata.fr\/index.php\/wp-json\/wp\/v2\/pages\/1655\/revisions\/1859"}],"wp:attachment":[{"href":"https:\/\/avdata.fr\/index.php\/wp-json\/wp\/v2\/media?parent=1655"}],"curies":[{"name":"wp","href":"https:\/\/api.w.org\/{rel}","templated":true}]}}